{"id":1196,"date":"2023-12-11T11:30:11","date_gmt":"2023-12-11T10:30:11","guid":{"rendered":"http:\/\/sotic-wp.bast\/?page_id=1196"},"modified":"2024-05-22T16:27:38","modified_gmt":"2024-05-22T14:27:38","slug":"domaines-dactivites","status":"publish","type":"page","link":"https:\/\/test.sotic.com\/en\/domaines-dactivites\/","title":{"rendered":"Domaines d&#8217;activit\u00e9s"},"content":{"rendered":"\n\t<div class=\"content_block block_quote use_sa\" data-call=\"c_simple_in\">\n\t\t<div class=\"container\">\n\t\t\t<div class=\"quote_container align_center\">\n\t\t\t\t<div class=\"quote_content\">\n                    <div class=\"quote\">\n                        SOTIC intervient dans de nombreux domaines d&#8217;activit\u00e9s, avec ses gammes traditionnelles ou en proposant des solutions sur-mesure.                    <\/div>\n                    \t\t\t\t<\/div>\n\t\t\t<\/div>\n\t\t<\/div>\n\t<\/div>\n\n\n    <div class=\"content_block block_business use_sa\" data-call=\"c_business\">\n        <div class=\"container\">\n            <div class=\"item_container\">\n                                    <div class=\"item\">\n                        <div class=\"button_title\">\n                            <div class=\"row\">\n                                <div class=\"col-4 col-lg-2\">\n                                    <div class=\"img_container\">\n                                                                                                                            <img decoding=\"async\" class=\"img\"  src=\"https:\/\/test.sotic.com\/wp-content\/uploads\/2024\/04\/dom-act-agro.png\" draggable=\"false\" srcset=\"\" sizes=\"(max-width:1920px) 100vw, 1920px\">                                                                            <\/div>\n                                <\/div>\n                                <div class=\"col-8 col-lg-5 offset-lg-1\">\n                                    <div class=\"content\">\n                                        <h2 class=\"title\">Agro-Alimentaire<\/h2>\n                                        <div class=\"desc\">Maximiser l&#8217;efficacit\u00e9 de vos proc\u00e9d\u00e9s de production est un imp\u00e9ratif dans le secteur agroalimentaire. Cela peut \u00eatre atteint gr\u00e2ce \u00e0 l&#8217;int\u00e9gration judicieuse d&#8217;ensembles motor\u00e9ducteurs adapt\u00e9s aux exigences sp\u00e9cifiques et aux contraintes hygi\u00e9niques de votre domaine d&#8217;activit\u00e9.<\/div>\n                                    <\/div>\n                                <\/div>\n                                <div class=\"col-12 col-lg-4\">\n                                    <div class=\"button_container\">\n                                        <div class=\"btn\"><i class=\"fa-solid fa-chevron-right\"><\/i><\/div>\n                                    <\/div>\n                                <\/div>\n                            <\/div>\n                        <\/div>\n                                                                            <div class=\"article_container\">\n                                <div class=\"row\">\n                                                                            <div class=\"col-6 col-lg-3\">\n                                            <div class=\"article\">\n                                                <div class=\"img_container\">\n                                                                                                        <a href=\"https:\/\/test.sotic.com\/en\/une-solution-speciale-tout-inox-pour-un-grand-nom-de-la-charcuterie-francaise\/\">\n                                                                                                                    <img decoding=\"async\" class=\"img\" alt=\"Une Solution Sp\u00e9ciale tout INOX pour un Grand Nom de la Charcuterie Fran\u00e7aise\" src=\"https:\/\/test.sotic.com\/wp-content\/uploads\/2024\/01\/INOX-BLOG-1200x900.png\" draggable=\"false\" srcset=\"\" sizes=\"(max-width:1200px) 100vw, 1200px\">                                                                                                            <\/a>\n                                                <\/div>\n                                                <h3 class=\"article_title\"><a href=\"https:\/\/test.sotic.com\/en\/une-solution-speciale-tout-inox-pour-un-grand-nom-de-la-charcuterie-francaise\/\">Une Solution Sp\u00e9ciale tout INOX pour un Grand Nom de la Charcuterie Fran\u00e7aise<\/a><\/h3>\n                                            <\/div>\n                                        <\/div>\n                                                                    <\/div>\n                            <\/div>\n                                            <\/div>\n                                    <div class=\"item\">\n                        <div class=\"button_title\">\n                            <div class=\"row\">\n                                <div class=\"col-4 col-lg-2\">\n                                    <div class=\"img_container\">\n                                                                                                                            <img decoding=\"async\" class=\"img\"  src=\"https:\/\/test.sotic.com\/wp-content\/uploads\/2023\/12\/AdobeStock_605581413_Preview.jpg\" draggable=\"false\" srcset=\"\" sizes=\"(max-width:3000px) 100vw, 3000px\">                                                                            <\/div>\n                                <\/div>\n                                <div class=\"col-8 col-lg-5 offset-lg-1\">\n                                    <div class=\"content\">\n                                        <h2 class=\"title\">Pharmaceutique &#8211; Cosm\u00e9tique &#8211; Chimie <\/h2>\n                                        <div class=\"desc\">R\u00e9pondez efficacement aux exigences \u00e9lev\u00e9es de s\u00e9curit\u00e9 et d&#8217;hygi\u00e8ne dans les secteurs pharmaceutique, cosm\u00e9tique et m\u00e9dical gr\u00e2ce \u00e0 des ensembles de transmission de puissance sp\u00e9cialement \u00e9tudi\u00e9s et con\u00e7us pour respecter int\u00e9gralement les normes strictes des laboratoires et des cha\u00eenes de production de ces milieux.<\/div>\n                                    <\/div>\n                                <\/div>\n                                <div class=\"col-12 col-lg-4\">\n                                    <div class=\"button_container\">\n                                        <div class=\"btn\"><i class=\"fa-solid fa-chevron-right\"><\/i><\/div>\n                                    <\/div>\n                                <\/div>\n                            <\/div>\n                        <\/div>\n                                                                            <div class=\"article_container\">\n                                <div class=\"row\">\n                                                                            <div class=\"col-6 col-lg-3\">\n                                            <div class=\"article\">\n                                                <div class=\"img_container\">\n                                                                                                        <a href=\"https:\/\/test.sotic.com\/en\/solution-speciale-douverture-de-porte-antifeu-pour-les-hopitaux\/\">\n                                                                                                                    <img decoding=\"async\" class=\"img\" alt=\"Solution sp\u00e9ciale d\u2019ouverture de porte antifeu pour les h\u00f4pitaux\u00a0\" src=\"https:\/\/test.sotic.com\/wp-content\/uploads\/2024\/01\/AdobeStock_629801648_Preview.jpeg\" draggable=\"false\" srcset=\"\" sizes=\"(max-width:1000px) 100vw, 1000px\">                                                                                                            <\/a>\n                                                <\/div>\n                                                <h3 class=\"article_title\"><a href=\"https:\/\/test.sotic.com\/en\/solution-speciale-douverture-de-porte-antifeu-pour-les-hopitaux\/\">Solution sp\u00e9ciale d\u2019ouverture de porte antifeu pour les h\u00f4pitaux\u00a0<\/a><\/h3>\n                                            <\/div>\n                                        <\/div>\n                                                                    <\/div>\n                            <\/div>\n                                            <\/div>\n                                    <div class=\"item\">\n                        <div class=\"button_title\">\n                            <div class=\"row\">\n                                <div class=\"col-4 col-lg-2\">\n                                    <div class=\"img_container\">\n                                                                                                                            <img decoding=\"async\" class=\"img\"  src=\"https:\/\/test.sotic.com\/wp-content\/uploads\/2024\/01\/AdobeStock_662731447_Preview.jpeg\" draggable=\"false\" srcset=\"\" sizes=\"(max-width:1000px) 100vw, 1000px\">                                                                            <\/div>\n                                <\/div>\n                                <div class=\"col-8 col-lg-5 offset-lg-1\">\n                                    <div class=\"content\">\n                                        <h2 class=\"title\">Energie (Nucl\u00e9aire)<\/h2>\n                                        <div class=\"desc\">Explorez les diverses gammes de produits SOTIC, sp\u00e9cialement con\u00e7ues pour r\u00e9pondre aux besoins du domaine nucl\u00e9aire. Ces solutions de transmission sont parfaitement adapt\u00e9es aux conditions d&#8217;utilisation sp\u00e9cifiques de ce secteur. Les diff\u00e9rents produits que nous vous recommandons sont mis sur le march\u00e9 apr\u00e8s avoir \u00e9t\u00e9 soumises \u00e0 des contr\u00f4les rigoureux et approfondis.<\/div>\n                                    <\/div>\n                                <\/div>\n                                <div class=\"col-12 col-lg-4\">\n                                    <div class=\"button_container\">\n                                        <div class=\"btn\"><i class=\"fa-solid fa-chevron-right\"><\/i><\/div>\n                                    <\/div>\n                                <\/div>\n                            <\/div>\n                        <\/div>\n                                                                            <div class=\"article_container\">\n                                <div class=\"row\">\n                                                                            <div class=\"col-6 col-lg-3\">\n                                            <div class=\"article\">\n                                                <div class=\"img_container\">\n                                                                                                        <a href=\"https:\/\/test.sotic.com\/en\/motoreducteur-destinee-a-la-mesure-neutronique-dans-le-domaine-du-nucleaire\/\">\n                                                                                                                    <img decoding=\"async\" class=\"img\" alt=\"Motor\u00e9ducteur destin\u00e9e \u00e0 la mesure neutronique dans le domaine du nucl\u00e9aire\" src=\"https:\/\/test.sotic.com\/wp-content\/uploads\/2024\/01\/blog-nucleaire-1200x900.png\" draggable=\"false\" srcset=\"\" sizes=\"(max-width:1200px) 100vw, 1200px\">                                                                                                            <\/a>\n                                                <\/div>\n                                                <h3 class=\"article_title\"><a href=\"https:\/\/test.sotic.com\/en\/motoreducteur-destinee-a-la-mesure-neutronique-dans-le-domaine-du-nucleaire\/\">Motor\u00e9ducteur destin\u00e9e \u00e0 la mesure neutronique dans le domaine du nucl\u00e9aire<\/a><\/h3>\n                                            <\/div>\n                                        <\/div>\n                                                                    <\/div>\n                            <\/div>\n                                            <\/div>\n                                    <div class=\"item\">\n                        <div class=\"button_title\">\n                            <div class=\"row\">\n                                <div class=\"col-4 col-lg-2\">\n                                    <div class=\"img_container\">\n                                                                                                                            <img decoding=\"async\" class=\"img\"  src=\"https:\/\/test.sotic.com\/wp-content\/uploads\/2023\/12\/AdobeStock_294731230_Preview.jpg\" draggable=\"false\" srcset=\"\" sizes=\"(max-width:3000px) 100vw, 3000px\">                                                                            <\/div>\n                                <\/div>\n                                <div class=\"col-8 col-lg-5 offset-lg-1\">\n                                    <div class=\"content\">\n                                        <h2 class=\"title\">Logistique <\/h2>\n                                        <div class=\"desc\">D\u00e9couvrez comment optimiser vos cha\u00eenes de production avec les diff\u00e9rentes gammes de produits disponibles, id\u00e9ales pour toutes les utilisations dans le domaine du stockage et du convoyage.<\/div>\n                                    <\/div>\n                                <\/div>\n                                <div class=\"col-12 col-lg-4\">\n                                    <div class=\"button_container\">\n                                        <div class=\"btn\"><i class=\"fa-solid fa-chevron-right\"><\/i><\/div>\n                                    <\/div>\n                                <\/div>\n                            <\/div>\n                        <\/div>\n                                                                    <\/div>\n                            <\/div>\n        <\/div>\n    <\/div>\n","protected":false},"excerpt":{"rendered":"","protected":false},"author":1,"featured_media":0,"parent":0,"menu_order":0,"comment_status":"closed","ping_status":"closed","template":"template-master.php","meta":{"_acf_changed":false,"footnotes":""},"class_list":["post-1196","page","type-page","status-publish","hentry"],"acf":[],"_links":{"self":[{"href":"https:\/\/test.sotic.com\/en\/wp-json\/wp\/v2\/pages\/1196","targetHints":{"allow":["GET"]}}],"collection":[{"href":"https:\/\/test.sotic.com\/en\/wp-json\/wp\/v2\/pages"}],"about":[{"href":"https:\/\/test.sotic.com\/en\/wp-json\/wp\/v2\/types\/page"}],"author":[{"embeddable":true,"href":"https:\/\/test.sotic.com\/en\/wp-json\/wp\/v2\/users\/1"}],"replies":[{"embeddable":true,"href":"https:\/\/test.sotic.com\/en\/wp-json\/wp\/v2\/comments?post=1196"}],"version-history":[{"count":3,"href":"https:\/\/test.sotic.com\/en\/wp-json\/wp\/v2\/pages\/1196\/revisions"}],"predecessor-version":[{"id":2132,"href":"https:\/\/test.sotic.com\/en\/wp-json\/wp\/v2\/pages\/1196\/revisions\/2132"}],"wp:attachment":[{"href":"https:\/\/test.sotic.com\/en\/wp-json\/wp\/v2\/media?parent=1196"}],"curies":[{"name":"wp","href":"https:\/\/api.w.org\/{rel}","templated":true}]}}